{"id":4916,"date":"2020-02-15T08:53:10","date_gmt":"2020-02-15T08:53:10","guid":{"rendered":"https:\/\/kfzgutachter-re.de\/?page_id=4916"},"modified":"2020-02-19T13:09:26","modified_gmt":"2020-02-19T13:09:26","slug":"rechnungspruefung","status":"publish","type":"page","link":"https:\/\/kfzgutachter-re.de\/?page_id=4916","title":{"rendered":"Rechnungspr\u00fcfung"},"content":{"rendered":"<div  class=\"tatsu-fx0todvmjxarjepr tatsu-section  tatsu-bg-overlay   tatsu-clearfix\" data-title=\"\"  data-headerscheme=\"background--dark\"><div class='tatsu-section-pad clearfix' data-padding='{\"d\":\"200px 0px 200px 0px\",\"l\":\"120px 0px 120px 0px\",\"t\":\"120px 0px 120px 0px\",\"m\":\"120px 0px 120px 0px\"}' data-padding-top='120px'><div class=\"tatsu-row-wrap  tatsu-wrap tatsu-row-one-col tatsu-row-has-one-cols tatsu-medium-gutter tatsu-reg-cols  tatsu-clearfix tatsu-fx0todvmrpc7tx8d\" ><div  class=\"tatsu-row \" ><div  class=\"tatsu-column  tatsu-column-no-bg tatsu-one-col tatsu-column-image-none tatsu-column-effect-none  tatsu-fx0todvn116s1z2f\"  data-parallax-speed=\"0\" style=\"\"><div class=\"tatsu-column-inner \" ><div class=\"tatsu-column-pad-wrap\"><div class=\"tatsu-column-pad\" ><div  class=\"tatsu-module tatsu-inline-text clearfix tatsu-fx0todvn7o9zyj4y   \" ><style>.tatsu-fx0todvn7o9zyj4y .tatsu-inline-text-inner{width: 55%;text-align: left;}.tatsu-fx0todvn7o9zyj4y.tatsu-inline-text{margin: 0px 0px 15px 0px ;}@media only screen and (min-width:768px) and (max-width: 1024px) {.tatsu-fx0todvn7o9zyj4y .tatsu-inline-text-inner{width: 80%;}}@media only screen and (max-width: 767px) {.tatsu-fx0todvn7o9zyj4y .tatsu-inline-text-inner{width: 100%;}.tatsu-fx0todvn7o9zyj4y.tatsu-inline-text .tatsu-inline-text-inner *{font-size : 28px;}}<\/style><div class=\"tatsu-inline-text-inner tatsu-align-center\">\n<h1 style=\"text-align: center;\"><span style=\"color: #ffffff;\">Rechnungspr\u00fcfung<\/span><\/h1>\n<\/div><\/div><div  class=\"tatsu-module tatsu-inline-text clearfix tatsu-fx0todvp6xbx4guf   \" ><style>.tatsu-fx0todvp6xbx4guf .tatsu-inline-text-inner{width: 47%;text-align: left;}@media only screen and (min-width:768px) and (max-width: 1024px) {.tatsu-fx0todvp6xbx4guf .tatsu-inline-text-inner{width: 80%;}}@media only screen and (max-width: 767px) {.tatsu-fx0todvp6xbx4guf .tatsu-inline-text-inner{width: 100%;}}<\/style><div class=\"tatsu-inline-text-inner tatsu-align-center\">\n<p style=\"text-align: center;\"><span style=\"color: #ffffff; font-size: 18px; line-height: 32px;\">Sie haben Ihr Auto reparieren lassen, bekommen dann aber eine h\u00f6here Rechnung als die im Schadengutachten kalkuliert ist?<\/span><\/p>\n<\/div><\/div><\/div><\/div><div class = \"tatsu-column-bg-image-wrap\"><div class = \"tatsu-column-bg-image tatsu-bg-lazyload\" data-src = \"\"><\/div><\/div><\/div><style>.tatsu-row > .tatsu-fx0todvn116s1z2f.tatsu-column{width: 100%;}.tatsu-fx0todvn116s1z2f.tatsu-column > .tatsu-column-inner > .tatsu-column-overlay{mix-blend-mode: none;}.tatsu-fx0todvn116s1z2f > .tatsu-column-inner > .tatsu-top-divider{z-index: 9999;}.tatsu-fx0todvn116s1z2f > .tatsu-column-inner > .tatsu-bottom-divider{z-index: 9999;}.tatsu-fx0todvn116s1z2f > .tatsu-column-inner > .tatsu-left-divider{z-index: 9999;}.tatsu-fx0todvn116s1z2f > .tatsu-column-inner > .tatsu-right-divider{z-index: 9999;}@media only screen and (max-width:1377px) {.tatsu-row > .tatsu-fx0todvn116s1z2f.tatsu-column{width: 100%;}}@media only screen and (min-width:768px) and (max-width: 1024px) {.tatsu-row > .tatsu-fx0todvn116s1z2f.tatsu-column{width: 100%;}}@media only screen and (max-width: 767px) {.tatsu-row > .tatsu-fx0todvn116s1z2f.tatsu-column{width: 100%;}}<\/style><\/div><\/div><\/div><\/div><div class=\"tatsu-section-background-wrap\"><div class = \"tatsu-bg-blur\" style = \"background-image : url(data:image\/jpeg;base64,\/9j\/4AAQSkZJRgABAQEAYABgAAD\/\/gA7Q1JFQVRPUjogZ2QtanBlZyB2MS4wICh1c2luZyBJSkcgSlBFRyB2OTApLCBxdWFsaXR5ID0gNjAK\/9sAQwANCQoLCggNCwoLDg4NDxMgFRMSEhMnHB4XIC4pMTAuKS0sMzpKPjM2RjcsLUBXQUZMTlJTUjI+WmFaUGBKUVJP\/9sAQwEODg4TERMmFRUmTzUtNU9PT09PT09PT09PT09PT09PT09PT09PT09PT09PT09PT09PT09PT09PT09PT09PT09P\/8AAEQgAIQAyAwEiAAIRAQMRAf\/EAB8AAAEFAQEBAQEBAAAAAAAAAAABAgMEBQYHCAkKC\/\/EALUQAAIBAwMCBAMFBQQEAAABfQECAwAEEQUSITFBBhNRYQcicRQygZGhCCNCscEVUtHwJDNicoIJChYXGBkaJSYnKCkqNDU2Nzg5OkNERUZHSElKU1RVVldYWVpjZGVmZ2hpanN0dXZ3eHl6g4SFhoeIiYqSk5SVlpeYmZqio6Slpqeoqaqys7S1tre4ubrCw8TFxsfIycrS09TV1tfY2drh4uPk5ebn6Onq8fLz9PX29\/j5+v\/EAB8BAAMBAQEBAQEBAQEAAAAAAAABAgMEBQYHCAkKC\/\/EALURAAIBAgQEAwQHBQQEAAECdwABAgMRBAUhMQYSQVEHYXETIjKBCBRCkaGxwQkjM1LwFWJy0QoWJDThJfEXGBkaJicoKSo1Njc4OTpDREVGR0hJSlNUVVZXWFlaY2RlZmdoaWpzdHV2d3h5eoKDhIWGh4iJipKTlJWWl5iZmqKjpKWmp6ipqrKztLW2t7i5usLDxMXGx8jJytLT1NXW19jZ2uLj5OXm5+jp6vLz9PX29\/j5+v\/aAAwDAQACEQMRAD8A7DT7oW1mispYZxmtaORZYyVPauWtoYdV097KcsA+PmibBBHcGiPwylv\/AKvU9TX1AuDg1WliXdM1IFBvZCPQfzNWJUGD9KrWYFuZZJ3CqehY4p897EYmaFXnZQPkjxuwe\/OKT1Y0tDWhGIVHtUBRTeSNnnYqkfQn\/GqJhlkO8XdzF6KCAB+lZeo3LWlv9oku7tRv8vdHty3oTke1K9h2udCYxmiuEOvpk\/8AEz1P8k\/wopc8e4+SXY0rfdpl06JHI8Y6OiFv5VNqesvHbJJ9qitoTnLOp3k9sD86p2Gr2F3J5Uc7SFuy7hn+lUtQ1eyTfbmynjAPV4Wb+Qx\/OnysLoSy1u2vLqOD7SHcNuMtw6qqj2966iG5063jdNPCzOxyxjbeSfUmuCTUtMjkGZLaNM8g2JJ\/lVseN9OtAY7aF2K8LIsar+VNRSBzbO7W+ieE7omVsY59abdWdjeIq3CblGCMMV\/lXNeHNcm1RZLiYcBuC4UE8dBgdK05r1zvMWyNj3fLD8simSib+yNK\/uN\/3+f\/ABorFa71DccXVuOf+eX\/ANeimF2c34N\/4\/T\/ALhrsm7UUUlsD3Ibj\/VmuV1X7xoorJFmn4e\/1C\/jV2bvRRWkRMoHqaKKKok\/\/9k=);\"\"><\/div><div class = \"tatsu-section-background tatsu-bg-lazyload\" data-src = \"https:\/\/kfzgutachter-re.de\/wp-content\/uploads\/2020\/02\/Rechnungspr\u00fcfung_Hero.jpg\"><\/div><\/div><div class=\"tatsu-overlay tatsu-section-overlay\"><\/div><style>.tatsu-fx0todvmjxarjepr.tatsu-section{background-color: #f2eeed;}.tatsu-fx0todvmjxarjepr .tatsu-section-background{background-image: url(https:\/\/kfzgutachter-re.de\/wp-content\/uploads\/2020\/02\/Rechnungspr\u00fcfung_Hero.jpg);background-repeat: no-repeat;background-attachment: scroll;background-position: center center;background-size: cover;}.tatsu-fx0todvmjxarjepr .tatsu-bg-blur{background-repeat: no-repeat;background-attachment: scroll;background-position: center center;background-size: cover;}.tatsu-fx0todvmjxarjepr .tatsu-section-pad{padding: 200px 0px 200px 0px;}.tatsu-fx0todvmjxarjepr > .tatsu-bottom-divider{z-index: 9999;}.tatsu-fx0todvmjxarjepr > .tatsu-top-divider{z-index: 9999;}.tatsu-fx0todvmjxarjepr .tatsu-section-overlay{background: rgba(0,0,0,0.6);mix-blend-mode: normal;}@media only screen and (max-width:1377px) {.tatsu-fx0todvmjxarjepr .tatsu-section-pad{padding: 120px 0px 120px 0px;}}@media only screen and (min-width:768px) and (max-width: 1024px) {.tatsu-fx0todvmjxarjepr .tatsu-section-pad{padding: 120px 0px 120px 0px;}}@media only screen and (max-width: 767px) {.tatsu-fx0todvmjxarjepr .tatsu-section-pad{padding: 120px 0px 120px 0px;}}<\/style><\/div><div  class=\"tatsu-_dlddVbQTn tatsu-section    tatsu-clearfix\" data-title=\"\"  data-headerscheme=\"background--dark\"><div class='tatsu-section-pad clearfix' data-padding='{\"d\":\"90px 0px 90px 0px\"}' data-padding-top='90px'><div class=\"tatsu-row-wrap  tatsu-wrap tatsu-row-has-two-cols tatsu-medium-gutter tatsu-reg-cols  tatsu-clearfix tatsu-GnxXp34ioG\" ><div  class=\"tatsu-row \" ><div  class=\"tatsu-column  tatsu-column-no-bg tatsu-two-third tatsu-column-image-none tatsu-column-effect-none  tatsu-YhAX7QXpn\"  data-parallax-speed=\"0\" style=\"\"><div class=\"tatsu-column-inner \" ><div class=\"tatsu-column-pad-wrap\"><div class=\"tatsu-column-pad\" ><div  class=\"tatsu-module tatsu-inline-text clearfix tatsu-6lfDe83yG   \" ><style>.tatsu-6lfDe83yG .tatsu-inline-text-inner{width: 100%;text-align: left;}@media only screen and (max-width: 767px) {.tatsu-6lfDe83yG .tatsu-inline-text-inner{width: 100%;}}<\/style><div class=\"tatsu-inline-text-inner tatsu-align-center\">\n<h4>Rechnungspr\u00fcfung<\/h4>\n<p>Nehmen Sie das nicht einfach hin. Kommen Sie zu uns und wir pr\u00fcfen Ihre Rechnung Zeile f\u00fcr Zeile und gehen die Einzelheiten zusammen mit Ihnen durch.<\/p>\n<p>Mit der n\u00f6tigen Sachkunde ermitteln wir, ob die festgesetzten Kosten und der zu Grunde gelegte Reparaturweg eine sach- und fachgerechte Instandsetzung darstellen und in der vorliegenden Konstellation angemessen sind.\u00a0<\/p>\n<div>\n<p>Mit technischem Sachverstand kl\u00e4ren wir auf und besprechen mit Ihnen auf verst\u00e4ndliche Art und Weise die vorliegenden Werte. So verschaffen Sie sich die n\u00f6tige Transparenz und schlagen auf neutraler Entscheidungsbasis den richtigen Weg ein.\u00a0<\/p>\n<\/div>\n<\/div><\/div><div class=\"tatsu-row-wrap  tatsu-row-has-four-cols tatsu-medium-gutter tatsu-reg-cols tatsu-inner-row-wrap  tatsu-clearfix tatsu--cvNqBEbOh\" ><div  class=\"tatsu-row \" ><div  class=\"tatsu-column  tatsu-column-no-bg tatsu-column-empty tatsu-one-fourth tatsu-column-image- tatsu-column-effect-  tatsu-Vph2QwisH\"  data-parallax-speed=\"0\" style=\"\"><div class=\"tatsu-column-inner \" ><div class=\"tatsu-column-pad-wrap\"><div class=\"tatsu-column-pad\" ><\/div><\/div><div class = \"tatsu-column-bg-image-wrap\"><div class = \"tatsu-column-bg-image tatsu-bg-lazyload\" data-src = \"\"><\/div><\/div><\/div><style>.tatsu-row > .tatsu-Vph2QwisH.tatsu-column{width: 25%;}.tatsu-Vph2QwisH.tatsu-column > .tatsu-column-inner > .tatsu-column-overlay{mix-blend-mode: none;}.tatsu-Vph2QwisH > .tatsu-column-inner > .tatsu-top-divider{z-index: 9999;}.tatsu-Vph2QwisH > .tatsu-column-inner > .tatsu-bottom-divider{z-index: 9999;}.tatsu-Vph2QwisH > .tatsu-column-inner > .tatsu-left-divider{z-index: 9999;}.tatsu-Vph2QwisH > .tatsu-column-inner > .tatsu-right-divider{z-index: 9999;}@media only screen and (max-width:1377px) {.tatsu-row > .tatsu-Vph2QwisH.tatsu-column{width: 25%;}}@media only screen and (min-width:768px) and (max-width: 1024px) {.tatsu-row > .tatsu-Vph2QwisH.tatsu-column{width: 25%;}}@media only screen and (max-width: 767px) {.tatsu-row > .tatsu-Vph2QwisH.tatsu-column{width: 100%;}}<\/style><\/div><div  class=\"tatsu-column  tatsu-column-no-bg tatsu-column-empty tatsu-one-fourth tatsu-column-image- tatsu-column-effect-  tatsu-Rpz-dJbYed\"  data-parallax-speed=\"0\" style=\"\"><div class=\"tatsu-column-inner \" ><div class=\"tatsu-column-pad-wrap\"><div class=\"tatsu-column-pad\" ><\/div><\/div><div class = \"tatsu-column-bg-image-wrap\"><div class = \"tatsu-column-bg-image tatsu-bg-lazyload\" data-src = \"\"><\/div><\/div><\/div><style>.tatsu-row > .tatsu-Rpz-dJbYed.tatsu-column{width: 25%;}.tatsu-Rpz-dJbYed.tatsu-column > .tatsu-column-inner > .tatsu-column-overlay{mix-blend-mode: none;}.tatsu-Rpz-dJbYed > .tatsu-column-inner > .tatsu-top-divider{z-index: 9999;}.tatsu-Rpz-dJbYed > .tatsu-column-inner > .tatsu-bottom-divider{z-index: 9999;}.tatsu-Rpz-dJbYed > .tatsu-column-inner > .tatsu-left-divider{z-index: 9999;}.tatsu-Rpz-dJbYed > .tatsu-column-inner > .tatsu-right-divider{z-index: 9999;}@media only screen and (max-width:1377px) {.tatsu-row > .tatsu-Rpz-dJbYed.tatsu-column{width: 25%;}}@media only screen and (min-width:768px) and (max-width: 1024px) {.tatsu-row > .tatsu-Rpz-dJbYed.tatsu-column{width: 25%;}}@media only screen and (max-width: 767px) {.tatsu-row > .tatsu-Rpz-dJbYed.tatsu-column{width: 100%;}}<\/style><\/div><div  class=\"tatsu-column  tatsu-column-no-bg tatsu-column-empty tatsu-one-fourth tatsu-column-image- tatsu-column-effect-  tatsu-l5dDJMuQUt\"  data-parallax-speed=\"0\" style=\"\"><div class=\"tatsu-column-inner \" ><div class=\"tatsu-column-pad-wrap\"><div class=\"tatsu-column-pad\" ><\/div><\/div><div class = \"tatsu-column-bg-image-wrap\"><div class = \"tatsu-column-bg-image tatsu-bg-lazyload\" data-src = \"\"><\/div><\/div><\/div><style>.tatsu-row > .tatsu-l5dDJMuQUt.tatsu-column{width: 25%;}.tatsu-l5dDJMuQUt.tatsu-column > .tatsu-column-inner > .tatsu-column-overlay{mix-blend-mode: none;}.tatsu-l5dDJMuQUt > .tatsu-column-inner > .tatsu-top-divider{z-index: 9999;}.tatsu-l5dDJMuQUt > .tatsu-column-inner > .tatsu-bottom-divider{z-index: 9999;}.tatsu-l5dDJMuQUt > .tatsu-column-inner > .tatsu-left-divider{z-index: 9999;}.tatsu-l5dDJMuQUt > .tatsu-column-inner > .tatsu-right-divider{z-index: 9999;}@media only screen and (max-width:1377px) {.tatsu-row > .tatsu-l5dDJMuQUt.tatsu-column{width: 25%;}}@media only screen and (min-width:768px) and (max-width: 1024px) {.tatsu-row > .tatsu-l5dDJMuQUt.tatsu-column{width: 25%;}}@media only screen and (max-width: 767px) {.tatsu-row > .tatsu-l5dDJMuQUt.tatsu-column{width: 100%;}}<\/style><\/div><div  class=\"tatsu-column  tatsu-column-no-bg tatsu-column-empty tatsu-one-fourth tatsu-column-image- tatsu-column-effect-  tatsu-5uExOrrOu2\"  data-parallax-speed=\"0\" style=\"\"><div class=\"tatsu-column-inner \" ><div class=\"tatsu-column-pad-wrap\"><div class=\"tatsu-column-pad\" ><\/div><\/div><div class = \"tatsu-column-bg-image-wrap\"><div class = \"tatsu-column-bg-image tatsu-bg-lazyload\" data-src = \"\"><\/div><\/div><\/div><style>.tatsu-row > .tatsu-5uExOrrOu2.tatsu-column{width: 25%;}.tatsu-5uExOrrOu2.tatsu-column > .tatsu-column-inner > .tatsu-column-overlay{mix-blend-mode: none;}.tatsu-5uExOrrOu2 > .tatsu-column-inner > .tatsu-top-divider{z-index: 9999;}.tatsu-5uExOrrOu2 > .tatsu-column-inner > .tatsu-bottom-divider{z-index: 9999;}.tatsu-5uExOrrOu2 > .tatsu-column-inner > .tatsu-left-divider{z-index: 9999;}.tatsu-5uExOrrOu2 > .tatsu-column-inner > .tatsu-right-divider{z-index: 9999;}@media only screen and (max-width:1377px) {.tatsu-row > .tatsu-5uExOrrOu2.tatsu-column{width: 25%;}}@media only screen and (min-width:768px) and (max-width: 1024px) {.tatsu-row > .tatsu-5uExOrrOu2.tatsu-column{width: 25%;}}@media only screen and (max-width: 767px) {.tatsu-row > .tatsu-5uExOrrOu2.tatsu-column{width: 100%;}}<\/style><\/div><\/div><\/div><\/div><\/div><div class = \"tatsu-column-bg-image-wrap\"><div class = \"tatsu-column-bg-image tatsu-bg-lazyload\" data-src = \"\"><\/div><\/div><\/div><style>.tatsu-row > .tatsu-YhAX7QXpn.tatsu-column{width: 66.67%;}.tatsu-YhAX7QXpn.tatsu-column > .tatsu-column-inner > .tatsu-column-overlay{mix-blend-mode: none;}.tatsu-YhAX7QXpn > .tatsu-column-inner > .tatsu-top-divider{z-index: 9999;}.tatsu-YhAX7QXpn > .tatsu-column-inner > .tatsu-bottom-divider{z-index: 9999;}.tatsu-YhAX7QXpn > .tatsu-column-inner > .tatsu-left-divider{z-index: 9999;}.tatsu-YhAX7QXpn > .tatsu-column-inner > .tatsu-right-divider{z-index: 9999;}@media only screen and (max-width:1377px) {.tatsu-row > .tatsu-YhAX7QXpn.tatsu-column{width: 66.67%;}}@media only screen and (min-width:768px) and (max-width: 1024px) {.tatsu-row > .tatsu-YhAX7QXpn.tatsu-column{width: 66.67%;}}@media only screen and (max-width: 767px) {.tatsu-row > .tatsu-YhAX7QXpn.tatsu-column{width: 100%;}}<\/style><\/div><div  class=\"tatsu-column  tatsu-one-third tatsu-column-image-none tatsu-column-effect-none  tatsu-ps9fUQHFnX\"  data-parallax-speed=\"0\" style=\"\"><div class=\"tatsu-column-inner \" ><div class=\"tatsu-column-pad-wrap\"><div class=\"tatsu-column-pad\" >            <div  class = \"tatsu-module tatsu-icon_card  tatsu-mLpaL268u   tatsu-icon_card-type-icon tatsu-icon_card-style1 tatsu-icon_card-align-left tatsu-icon_card-vertical-align-top tatsu-icon_medium\" >\n                <style>.tatsu-mLpaL268u .tatsu-icon{color: rgba(58,170,53,1) ;}.tatsu-mLpaL268u.tatsu-module{margin: 0 0 30px 0;}<\/style>                                    <div class = \"tatsu-icon_card-icon \">\n                                                    <i aria-label = \"  clock2\" class = \"tatsu-icon tatsu-icon-clock2\">\n                            <\/i>\n                                            <\/div>\n                                                    <div class = \"tatsu-icon_card-title-caption\">\n                                                    <div class = \"tatsu-icon_card-title h6\">\n\t\t\t\t\t\t\t9:00 - 18:00 Uhr                            <\/div>\n                                                                            <div class = \"tatsu-icon_card-caption body\">\n                                \n<p>Montag \u2013 Freitag<\/p>\n                            <\/div>\n                                            <\/div>\n                            <\/div>\n                <div  class = \"tatsu-module tatsu-icon_card  tatsu-KJE_CkaQb   tatsu-icon_card-type-icon tatsu-icon_card-style1 tatsu-icon_card-align-left tatsu-icon_card-vertical-align-top tatsu-icon_medium\" >\n                <style>.tatsu-KJE_CkaQb .tatsu-icon{color: rgba(58,170,53,1) ;}.tatsu-KJE_CkaQb.tatsu-module{margin: 0 0 30px 0;}.tatsu-KJE_CkaQb{padding: 0px 0px 0px 50px;}<\/style>                                                    <div class = \"tatsu-icon_card-title-caption\">\n                                                    <div class = \"tatsu-icon_card-title h6\">\n\t\t\t\t\t\t\t9:00 - 13:00 Uhr                            <\/div>\n                                                                            <div class = \"tatsu-icon_card-caption body\">\n                                \n<p>Samstag<\/p>\n                            <\/div>\n                                            <\/div>\n                            <\/div>\n                <div  class = \"tatsu-module tatsu-icon_card  tatsu-Aq7yX9Ipz   tatsu-icon_card-type-icon tatsu-icon_card-style1 tatsu-icon_card-align-left tatsu-icon_card-vertical-align-top tatsu-icon_medium\" >\n                <style>.tatsu-Aq7yX9Ipz .tatsu-icon{color: rgba(58,170,53,1) ;}.tatsu-Aq7yX9Ipz.tatsu-module{margin: 0 0 30px 0;}<\/style>                                    <div class = \"tatsu-icon_card-icon \">\n                                                    <i aria-label = \"  phonecall\" class = \"tatsu-icon tatsu-icon-phone-call\">\n                            <\/i>\n                                            <\/div>\n                                                    <div class = \"tatsu-icon_card-title-caption\">\n                                                    <div class = \"tatsu-icon_card-title h6\">\n\t\t\t\t\t\t\t                                <a href = \"tel:023619912003\">\n                                    02361 991 200 3                                <\/a>\n\t\t\t\t\t\t\t                            <\/div>\n                                                                            <div class = \"tatsu-icon_card-caption body\">\n                                \n<p>B\u00fcrotelefon<\/p>\n                            <\/div>\n                                            <\/div>\n                            <\/div>\n                <div  class = \"tatsu-module tatsu-icon_card  tatsu-HOHcA60u_   tatsu-icon_card-type-icon tatsu-icon_card-style1 tatsu-icon_card-align-left tatsu-icon_card-vertical-align-top tatsu-icon_medium\" >\n                <style>.tatsu-HOHcA60u_ .tatsu-icon{color: rgba(58,170,53,1) ;}.tatsu-HOHcA60u_.tatsu-module{margin: 0 0 30px 0;}<\/style>                                    <div class = \"tatsu-icon_card-icon \">\n                                                    <i aria-label = \"  smartphone\" class = \"tatsu-icon tatsu-icon-smartphone\">\n                            <\/i>\n                                            <\/div>\n                                                    <div class = \"tatsu-icon_card-title-caption\">\n                                                    <div class = \"tatsu-icon_card-title h6\">\n\t\t\t\t\t\t\t                                <a href = \"tel:017645820002\">\n                                    0176 458 200 02                                <\/a>\n\t\t\t\t\t\t\t                            <\/div>\n                                                                            <div class = \"tatsu-icon_card-caption body\">\n                                \n<p>Mobiltelefon<\/p>\n                            <\/div>\n                                            <\/div>\n                            <\/div>\n                <div  class = \"tatsu-module tatsu-icon_card  tatsu-Jbpnluhky   tatsu-icon_card-type-icon tatsu-icon_card-style1 tatsu-icon_card-align-left tatsu-icon_card-vertical-align-top tatsu-icon_medium\" >\n                <style>.tatsu-Jbpnluhky .tatsu-icon{color: rgba(58,170,53,1) ;}.tatsu-Jbpnluhky.tatsu-module{margin: 0 0 30px 0;}<\/style>                                    <div class = \"tatsu-icon_card-icon \">\n                                                    <i aria-label = \"  mail2\" class = \"tatsu-icon tatsu-icon-mail2\">\n                            <\/i>\n                                            <\/div>\n                                                    <div class = \"tatsu-icon_card-title-caption\">\n                                                    <div class = \"tatsu-icon_card-title h6\">\n\t\t\t\t\t\t\t                                <a href = \"mailto:info@kfzgutachter-re.de\">\n                                    info@kfzgutachter-re.de                                <\/a>\n\t\t\t\t\t\t\t                            <\/div>\n                                                                            <div class = \"tatsu-icon_card-caption body\">\n                                \n<p>E-Mail-Adresse<\/p>\n                            <\/div>\n                                            <\/div>\n                            <\/div>\n    <div  class=\"tatsu-module tatsu-normal-button tatsu-button-wrap align-block block-center  tatsu-vx6r-xYvH   \"><a class=\"tatsu-shortcode blockbtn tatsu-button left-icon rounded   bg-animation-none  \" href=\"\/kontakt\" style= \"\"  aria-label=\"Jetzt Anfragen\" data-gdpr-atts={} >Jetzt Anfragen<\/a><style>.tatsu-vx6r-xYvH .tatsu-button{background-color: rgba(58,170,53,1);color: #ffffff ;}<\/style><\/div><\/div><\/div><div class = \"tatsu-column-bg-image-wrap\"><div class = \"tatsu-column-bg-image tatsu-bg-lazyload\" data-src = \"\"><\/div><\/div><\/div><style>.tatsu-row > .tatsu-ps9fUQHFnX.tatsu-column{width: 33.33%;}.tatsu-ps9fUQHFnX.tatsu-column > .tatsu-column-inner{background-color: rgba(255,255,255,1);box-shadow: 0px 5px 30px 0px rgba(214,215,216,0.57);border-radius: 5px;}.tatsu-ps9fUQHFnX.tatsu-column > .tatsu-column-inner > .tatsu-column-pad-wrap > .tatsu-column-pad{padding: 30px 30px 30px 30px;}.tatsu-ps9fUQHFnX.tatsu-column > .tatsu-column-inner > .tatsu-column-overlay{mix-blend-mode: none;}.tatsu-ps9fUQHFnX > .tatsu-column-inner > .tatsu-top-divider{z-index: 9999;}.tatsu-ps9fUQHFnX > .tatsu-column-inner > .tatsu-bottom-divider{z-index: 9999;}.tatsu-ps9fUQHFnX > .tatsu-column-inner > .tatsu-left-divider{z-index: 9999;}.tatsu-ps9fUQHFnX > .tatsu-column-inner > .tatsu-right-divider{z-index: 9999;}.tatsu-ps9fUQHFnX.tatsu-column > .tatsu-column-inner > .tatsu-column-bg-image-wrap > .tatsu-column-bg-image{border-radius: 5px;}@media only screen and (max-width:1377px) {.tatsu-row > .tatsu-ps9fUQHFnX.tatsu-column{width: 33.33%;}}@media only screen and (min-width:768px) and (max-width: 1024px) {.tatsu-row > .tatsu-ps9fUQHFnX.tatsu-column{width: 33.33%;}}@media only screen and (max-width: 767px) {.tatsu-row > .tatsu-ps9fUQHFnX.tatsu-column{width: 100%;}}<\/style><\/div><\/div><\/div><\/div><div class=\"tatsu-section-background-wrap\"><div class = \"tatsu-section-background tatsu-bg-lazyload\" data-src = \"\"><\/div><\/div><style>.tatsu-_dlddVbQTn .tatsu-section-pad{padding: 90px 0px 90px 0px;}.tatsu-_dlddVbQTn > .tatsu-bottom-divider{z-index: 9999;}.tatsu-_dlddVbQTn > .tatsu-top-divider{z-index: 9999;}<\/style><\/div>\n","protected":false},"excerpt":{"rendered":"<p><a href=\"https:\/\/kfzgutachter-re.de\/?page_id=4916\" class=\"exp-read-more exp-read-more-dots\">&#8230;<\/a><\/p>\n","protected":false},"author":1,"featured_media":0,"parent":4616,"menu_order":0,"comment_status":"closed","ping_status":"closed","template":"","meta":{"_monsterinsights_skip_tracking":false,"_monsterinsights_sitenote_active":false,"_monsterinsights_sitenote_note":"","_monsterinsights_sitenote_category":0,"footnotes":""},"aioseo_notices":[],"_links":{"self":[{"href":"https:\/\/kfzgutachter-re.de\/index.php?rest_route=\/wp\/v2\/pages\/4916"}],"collection":[{"href":"https:\/\/kfzgutachter-re.de\/index.php?rest_route=\/wp\/v2\/pages"}],"about":[{"href":"https:\/\/kfzgutachter-re.de\/index.php?rest_route=\/wp\/v2\/types\/page"}],"author":[{"embeddable":true,"href":"https:\/\/kfzgutachter-re.de\/index.php?rest_route=\/wp\/v2\/users\/1"}],"replies":[{"embeddable":true,"href":"https:\/\/kfzgutachter-re.de\/index.php?rest_route=%2Fwp%2Fv2%2Fcomments&post=4916"}],"version-history":[{"count":11,"href":"https:\/\/kfzgutachter-re.de\/index.php?rest_route=\/wp\/v2\/pages\/4916\/revisions"}],"predecessor-version":[{"id":5270,"href":"https:\/\/kfzgutachter-re.de\/index.php?rest_route=\/wp\/v2\/pages\/4916\/revisions\/5270"}],"up":[{"embeddable":true,"href":"https:\/\/kfzgutachter-re.de\/index.php?rest_route=\/wp\/v2\/pages\/4616"}],"wp:attachment":[{"href":"https:\/\/kfzgutachter-re.de\/index.php?rest_route=%2Fwp%2Fv2%2Fmedia&parent=4916"}],"curies":[{"name":"wp","href":"https:\/\/api.w.org\/{rel}","templated":true}]}}