{"id":4920,"date":"2020-02-15T08:54:45","date_gmt":"2020-02-15T08:54:45","guid":{"rendered":"https:\/\/kfzgutachter-re.de\/?page_id=4920"},"modified":"2020-02-19T13:12:32","modified_gmt":"2020-02-19T13:12:32","slug":"technische-beratung","status":"publish","type":"page","link":"https:\/\/kfzgutachter-re.de\/?page_id=4920","title":{"rendered":"Technische Beratung"},"content":{"rendered":"<div  class=\"tatsu-fx0todvmjxarjepr tatsu-section  tatsu-bg-overlay   tatsu-clearfix\" data-title=\"\"  data-headerscheme=\"background--dark\"><div class='tatsu-section-pad clearfix' data-padding='{\"d\":\"200px 0px 200px 0px\",\"l\":\"120px 0px 120px 0px\",\"t\":\"120px 0px 120px 0px\",\"m\":\"120px 0px 120px 0px\"}' data-padding-top='120px'><div class=\"tatsu-row-wrap  tatsu-wrap tatsu-row-one-col tatsu-row-has-one-cols tatsu-medium-gutter tatsu-reg-cols  tatsu-clearfix tatsu-fx0todvmrpc7tx8d\" ><div  class=\"tatsu-row \" ><div  class=\"tatsu-column  tatsu-column-no-bg tatsu-one-col tatsu-column-image-none tatsu-column-effect-none  tatsu-fx0todvn116s1z2f\"  data-parallax-speed=\"0\" style=\"\"><div class=\"tatsu-column-inner \" ><div class=\"tatsu-column-pad-wrap\"><div class=\"tatsu-column-pad\" ><div  class=\"tatsu-module tatsu-inline-text clearfix tatsu-fx0todvn7o9zyj4y   \" ><style>.tatsu-fx0todvn7o9zyj4y .tatsu-inline-text-inner{width: 55%;text-align: left;}.tatsu-fx0todvn7o9zyj4y.tatsu-inline-text{margin: 0px 0px 15px 0px ;}@media only screen and (min-width:768px) and (max-width: 1024px) {.tatsu-fx0todvn7o9zyj4y .tatsu-inline-text-inner{width: 80%;}}@media only screen and (max-width: 767px) {.tatsu-fx0todvn7o9zyj4y .tatsu-inline-text-inner{width: 100%;}}<\/style><div class=\"tatsu-inline-text-inner tatsu-align-center\">\n<h1 style=\"text-align: center;\"><span style=\"color: #ffffff;\">Technische Beratung<\/span><\/h1>\n<\/div><\/div><div  class=\"tatsu-module tatsu-inline-text clearfix tatsu-fx0todvp6xbx4guf   \" ><style>.tatsu-fx0todvp6xbx4guf .tatsu-inline-text-inner{width: 44%;text-align: left;}@media only screen and (min-width:768px) and (max-width: 1024px) {.tatsu-fx0todvp6xbx4guf .tatsu-inline-text-inner{width: 80%;}}@media only screen and (max-width: 767px) {.tatsu-fx0todvp6xbx4guf .tatsu-inline-text-inner{width: 100%;}}<\/style><div class=\"tatsu-inline-text-inner tatsu-align-center\">\n<p style=\"text-align: center;\"><span style=\"color: #ffffff; font-size: 18px; line-height: 32px;\">Unser KFZ-Technikermeister unterst\u00fctzt Sie KOSTENLOS bei allen technischen Fragen oder Problemen rund um das KFZ Wesen.<\/span><\/p>\n<\/div><\/div><\/div><\/div><div class = \"tatsu-column-bg-image-wrap\"><div class = \"tatsu-column-bg-image tatsu-bg-lazyload\" data-src = \"\"><\/div><\/div><\/div><style>.tatsu-row > .tatsu-fx0todvn116s1z2f.tatsu-column{width: 100%;}.tatsu-fx0todvn116s1z2f.tatsu-column > .tatsu-column-inner > .tatsu-column-overlay{mix-blend-mode: none;}.tatsu-fx0todvn116s1z2f > .tatsu-column-inner > .tatsu-top-divider{z-index: 9999;}.tatsu-fx0todvn116s1z2f > .tatsu-column-inner > .tatsu-bottom-divider{z-index: 9999;}.tatsu-fx0todvn116s1z2f > .tatsu-column-inner > .tatsu-left-divider{z-index: 9999;}.tatsu-fx0todvn116s1z2f > .tatsu-column-inner > .tatsu-right-divider{z-index: 9999;}@media only screen and (max-width:1377px) {.tatsu-row > .tatsu-fx0todvn116s1z2f.tatsu-column{width: 100%;}}@media only screen and (min-width:768px) and (max-width: 1024px) {.tatsu-row > .tatsu-fx0todvn116s1z2f.tatsu-column{width: 100%;}}@media only screen and (max-width: 767px) {.tatsu-row > .tatsu-fx0todvn116s1z2f.tatsu-column{width: 100%;}}<\/style><\/div><\/div><\/div><\/div><div class=\"tatsu-section-background-wrap\"><div class = \"tatsu-bg-blur\" style = \"background-image : url(data:image\/jpeg;base64,\/9j\/4AAQSkZJRgABAQEAYABgAAD\/\/gA7Q1JFQVRPUjogZ2QtanBlZyB2MS4wICh1c2luZyBJSkcgSlBFRyB2OTApLCBxdWFsaXR5ID0gNjAK\/9sAQwANCQoLCggNCwoLDg4NDxMgFRMSEhMnHB4XIC4pMTAuKS0sMzpKPjM2RjcsLUBXQUZMTlJTUjI+WmFaUGBKUVJP\/9sAQwEODg4TERMmFRUmTzUtNU9PT09PT09PT09PT09PT09PT09PT09PT09PT09PT09PT09PT09PT09PT09PT09PT09P\/8AAEQgAJAAyAwEiAAIRAQMRAf\/EAB8AAAEFAQEBAQEBAAAAAAAAAAABAgMEBQYHCAkKC\/\/EALUQAAIBAwMCBAMFBQQEAAABfQECAwAEEQUSITFBBhNRYQcicRQygZGhCCNCscEVUtHwJDNicoIJChYXGBkaJSYnKCkqNDU2Nzg5OkNERUZHSElKU1RVVldYWVpjZGVmZ2hpanN0dXZ3eHl6g4SFhoeIiYqSk5SVlpeYmZqio6Slpqeoqaqys7S1tre4ubrCw8TFxsfIycrS09TV1tfY2drh4uPk5ebn6Onq8fLz9PX29\/j5+v\/EAB8BAAMBAQEBAQEBAQEAAAAAAAABAgMEBQYHCAkKC\/\/EALURAAIBAgQEAwQHBQQEAAECdwABAgMRBAUhMQYSQVEHYXETIjKBCBRCkaGxwQkjM1LwFWJy0QoWJDThJfEXGBkaJicoKSo1Njc4OTpDREVGR0hJSlNUVVZXWFlaY2RlZmdoaWpzdHV2d3h5eoKDhIWGh4iJipKTlJWWl5iZmqKjpKWmp6ipqrKztLW2t7i5usLDxMXGx8jJytLT1NXW19jZ2uLj5OXm5+jp6vLz9PX29\/j5+v\/aAAwDAQACEQMRAD8A5yxctdFo90jFSpc8AZBGf1ouLRbaZEctIWUPkqcHPH5d6p+fI6FF+RP7o4H4+tWrSG5uPNCchR858wKQD65oFYvQrF9lDuqqyNtYgY4PQ0HZJkDqpxUShpEVsdRyKAjo2QPrWhzqT6mxoGq\/Zbko7fdPy\/4V6Mk6SRq6EMjDIYdK8hhsrm6m3WsUkjZ6opI\/PpXU2Nxqui24e7iMEYA++d0bjHfGdrf5xWckbwemp2RnjBILD86K5UXtnKBJNZXnmP8AM2wgrk9cc9KKz5ZGl0ef2UJnlIYbAB\/CcE\/nXWaHpyxsrSRhFU8AnP41k2kUK2weWVhJcArGowCF6E5PAz0ptxHeW1wgsdQkeIHDv5oYKR1z\/n6VoQzdh0VLqa6+zXoKI7MsUaDeVJyMEnGO3p71XhNrDMUSw3SqeTckuQfp0FQaYupyzrPHelTG2VeSP5j2II9Dx+Qrsngh1K2HmJEt0AGPGcYPUZ+lDbBJXIbcSMoEk2FI+6gAA\/I4rStbY7SrSqYz95CuQR75rC1HUreyl8t2j87oyCQD8evH41jy6xJcl4YJX+QjKbwc5PGMHn8KzvJG3LCXWx1r6Hoxdj9mthk+pH9aK4Z4tR3nMM3X0oo5pdg5I9zO1KUxhZ4lVGGYdo6bOeMGq+lEvdRgk4TLhe2QCaKK0RE\/ifqzqLBj948k8knvUWt3Uy6l5CsQhjC8HBHy5yD9aKKbIRX8NQo+p3UEg3RYK7T0xmsu9hFlrqfZHkiJlwCG5HPY0UUAbz3FwrsvnFsEjJVcn9KKKKAP\/9k=);\"\"><\/div><div class = \"tatsu-section-background tatsu-bg-lazyload\" data-src = \"https:\/\/kfzgutachter-re.de\/wp-content\/uploads\/2020\/02\/Technische-Beratung.jpg\"><\/div><\/div><div class=\"tatsu-overlay tatsu-section-overlay\"><\/div><style>.tatsu-fx0todvmjxarjepr.tatsu-section{background-color: #f2eeed;}.tatsu-fx0todvmjxarjepr .tatsu-section-background{background-image: url(https:\/\/kfzgutachter-re.de\/wp-content\/uploads\/2020\/02\/Technische-Beratung.jpg);background-repeat: no-repeat;background-attachment: scroll;background-position: center center;background-size: cover;}.tatsu-fx0todvmjxarjepr .tatsu-bg-blur{background-repeat: no-repeat;background-attachment: scroll;background-position: center center;background-size: cover;}.tatsu-fx0todvmjxarjepr .tatsu-section-pad{padding: 200px 0px 200px 0px;}.tatsu-fx0todvmjxarjepr > .tatsu-bottom-divider{z-index: 9999;}.tatsu-fx0todvmjxarjepr > .tatsu-top-divider{z-index: 9999;}.tatsu-fx0todvmjxarjepr .tatsu-section-overlay{background: rgba(0,0,0,0.6);mix-blend-mode: normal;}@media only screen and (max-width:1377px) {.tatsu-fx0todvmjxarjepr .tatsu-section-pad{padding: 120px 0px 120px 0px;}}@media only screen and (min-width:768px) and (max-width: 1024px) {.tatsu-fx0todvmjxarjepr .tatsu-section-pad{padding: 120px 0px 120px 0px;}}@media only screen and (max-width: 767px) {.tatsu-fx0todvmjxarjepr .tatsu-section-pad{padding: 120px 0px 120px 0px;}}<\/style><\/div><div  class=\"tatsu-_dlddVbQTn tatsu-section    tatsu-clearfix\" data-title=\"\"  data-headerscheme=\"background--dark\"><div class='tatsu-section-pad clearfix' data-padding='{\"d\":\"90px 0px 90px 0px\"}' data-padding-top='90px'><div class=\"tatsu-row-wrap  tatsu-wrap tatsu-row-has-two-cols tatsu-medium-gutter tatsu-reg-cols  tatsu-clearfix tatsu-GnxXp34ioG\" ><div  class=\"tatsu-row \" ><div  class=\"tatsu-column  tatsu-column-no-bg tatsu-two-third tatsu-column-image-none tatsu-column-effect-none  tatsu-YhAX7QXpn\"  data-parallax-speed=\"0\" style=\"\"><div class=\"tatsu-column-inner \" ><div class=\"tatsu-column-pad-wrap\"><div class=\"tatsu-column-pad\" ><div  class=\"tatsu-module tatsu-inline-text clearfix tatsu-6lfDe83yG   \" ><style>.tatsu-6lfDe83yG .tatsu-inline-text-inner{width: 100%;text-align: left;}@media only screen and (max-width: 767px) {.tatsu-6lfDe83yG .tatsu-inline-text-inner{width: 100%;}}<\/style><div class=\"tatsu-inline-text-inner tatsu-align-center\">\n<h4>Technische Beratung<\/h4>\n<p>F\u00fcr Sie als Fahrzeughalter kann eine technische Beratung aus verschiedenen Gr\u00fcnden angebracht sein. Haupts\u00e4chlich kommen die meisten unserer Kunden auf unser Beratungsangebot zur\u00fcck, wenn es darum geht, einen Gebrauchtwagen zu kaufen oder zu verkaufen.<\/p>\n<p>Neben diesem Schwerpunkt in der Beratung stehen wir als Technikermeister ebenfalls f\u00fcr technische Fragen zur Verf\u00fcgung, die besondere Aufbauten, die Wahl von verkehrssicherem Zubeh\u00f6r oder Tuningfragen betreffen.<\/p>\n<div>\n<p>Au\u00dferdem kl\u00e4ren wir f\u00fcr Sie gern Fragen zu Gew\u00e4hrleistung und M\u00e4ngelhaftung beim Gebrauchtwagenkauf sowie zu F\u00e4llen von Garantieangelegenheiten und Kulanzregelungen.<\/p>\n<p>Egal ob es sich um einen Kauf oder um einen Verkauf eines Fahrzeugs oder eine technische Frage handelt, Sie bekommen durch unser Fachwissen eine kompetente und technische Beratung.<\/p>\n<\/div>\n<\/div><\/div><div class=\"tatsu-row-wrap  tatsu-row-has-four-cols tatsu-medium-gutter tatsu-reg-cols tatsu-inner-row-wrap  tatsu-clearfix tatsu--cvNqBEbOh\" ><div  class=\"tatsu-row \" ><div  class=\"tatsu-column  tatsu-column-no-bg tatsu-column-empty tatsu-one-fourth tatsu-column-image- tatsu-column-effect-  tatsu-Vph2QwisH\"  data-parallax-speed=\"0\" style=\"\"><div class=\"tatsu-column-inner \" ><div class=\"tatsu-column-pad-wrap\"><div class=\"tatsu-column-pad\" ><\/div><\/div><div class = \"tatsu-column-bg-image-wrap\"><div class = \"tatsu-column-bg-image tatsu-bg-lazyload\" data-src = \"\"><\/div><\/div><\/div><style>.tatsu-row > .tatsu-Vph2QwisH.tatsu-column{width: 25%;}.tatsu-Vph2QwisH.tatsu-column > .tatsu-column-inner > .tatsu-column-overlay{mix-blend-mode: none;}.tatsu-Vph2QwisH > .tatsu-column-inner > .tatsu-top-divider{z-index: 9999;}.tatsu-Vph2QwisH > .tatsu-column-inner > .tatsu-bottom-divider{z-index: 9999;}.tatsu-Vph2QwisH > .tatsu-column-inner > .tatsu-left-divider{z-index: 9999;}.tatsu-Vph2QwisH > .tatsu-column-inner > .tatsu-right-divider{z-index: 9999;}@media only screen and (max-width:1377px) {.tatsu-row > .tatsu-Vph2QwisH.tatsu-column{width: 25%;}}@media only screen and (min-width:768px) and (max-width: 1024px) {.tatsu-row > .tatsu-Vph2QwisH.tatsu-column{width: 25%;}}@media only screen and (max-width: 767px) {.tatsu-row > .tatsu-Vph2QwisH.tatsu-column{width: 100%;}}<\/style><\/div><div  class=\"tatsu-column  tatsu-column-no-bg tatsu-column-empty tatsu-one-fourth tatsu-column-image- tatsu-column-effect-  tatsu-Rpz-dJbYed\"  data-parallax-speed=\"0\" style=\"\"><div class=\"tatsu-column-inner \" ><div class=\"tatsu-column-pad-wrap\"><div class=\"tatsu-column-pad\" ><\/div><\/div><div class = \"tatsu-column-bg-image-wrap\"><div class = \"tatsu-column-bg-image tatsu-bg-lazyload\" data-src = \"\"><\/div><\/div><\/div><style>.tatsu-row > .tatsu-Rpz-dJbYed.tatsu-column{width: 25%;}.tatsu-Rpz-dJbYed.tatsu-column > .tatsu-column-inner > .tatsu-column-overlay{mix-blend-mode: none;}.tatsu-Rpz-dJbYed > .tatsu-column-inner > .tatsu-top-divider{z-index: 9999;}.tatsu-Rpz-dJbYed > .tatsu-column-inner > .tatsu-bottom-divider{z-index: 9999;}.tatsu-Rpz-dJbYed > .tatsu-column-inner > .tatsu-left-divider{z-index: 9999;}.tatsu-Rpz-dJbYed > .tatsu-column-inner > .tatsu-right-divider{z-index: 9999;}@media only screen and (max-width:1377px) {.tatsu-row > .tatsu-Rpz-dJbYed.tatsu-column{width: 25%;}}@media only screen and (min-width:768px) and (max-width: 1024px) {.tatsu-row > .tatsu-Rpz-dJbYed.tatsu-column{width: 25%;}}@media only screen and (max-width: 767px) {.tatsu-row > .tatsu-Rpz-dJbYed.tatsu-column{width: 100%;}}<\/style><\/div><div  class=\"tatsu-column  tatsu-column-no-bg tatsu-column-empty tatsu-one-fourth tatsu-column-image- tatsu-column-effect-  tatsu-l5dDJMuQUt\"  data-parallax-speed=\"0\" style=\"\"><div class=\"tatsu-column-inner \" ><div class=\"tatsu-column-pad-wrap\"><div class=\"tatsu-column-pad\" ><\/div><\/div><div class = \"tatsu-column-bg-image-wrap\"><div class = \"tatsu-column-bg-image tatsu-bg-lazyload\" data-src = \"\"><\/div><\/div><\/div><style>.tatsu-row > .tatsu-l5dDJMuQUt.tatsu-column{width: 25%;}.tatsu-l5dDJMuQUt.tatsu-column > .tatsu-column-inner > .tatsu-column-overlay{mix-blend-mode: none;}.tatsu-l5dDJMuQUt > .tatsu-column-inner > .tatsu-top-divider{z-index: 9999;}.tatsu-l5dDJMuQUt > .tatsu-column-inner > .tatsu-bottom-divider{z-index: 9999;}.tatsu-l5dDJMuQUt > .tatsu-column-inner > .tatsu-left-divider{z-index: 9999;}.tatsu-l5dDJMuQUt > .tatsu-column-inner > .tatsu-right-divider{z-index: 9999;}@media only screen and (max-width:1377px) {.tatsu-row > .tatsu-l5dDJMuQUt.tatsu-column{width: 25%;}}@media only screen and (min-width:768px) and (max-width: 1024px) {.tatsu-row > .tatsu-l5dDJMuQUt.tatsu-column{width: 25%;}}@media only screen and (max-width: 767px) {.tatsu-row > .tatsu-l5dDJMuQUt.tatsu-column{width: 100%;}}<\/style><\/div><div  class=\"tatsu-column  tatsu-column-no-bg tatsu-column-empty tatsu-one-fourth tatsu-column-image- tatsu-column-effect-  tatsu-5uExOrrOu2\"  data-parallax-speed=\"0\" style=\"\"><div class=\"tatsu-column-inner \" ><div class=\"tatsu-column-pad-wrap\"><div class=\"tatsu-column-pad\" ><\/div><\/div><div class = \"tatsu-column-bg-image-wrap\"><div class = \"tatsu-column-bg-image tatsu-bg-lazyload\" data-src = \"\"><\/div><\/div><\/div><style>.tatsu-row > .tatsu-5uExOrrOu2.tatsu-column{width: 25%;}.tatsu-5uExOrrOu2.tatsu-column > .tatsu-column-inner > .tatsu-column-overlay{mix-blend-mode: none;}.tatsu-5uExOrrOu2 > .tatsu-column-inner > .tatsu-top-divider{z-index: 9999;}.tatsu-5uExOrrOu2 > .tatsu-column-inner > .tatsu-bottom-divider{z-index: 9999;}.tatsu-5uExOrrOu2 > .tatsu-column-inner > .tatsu-left-divider{z-index: 9999;}.tatsu-5uExOrrOu2 > .tatsu-column-inner > .tatsu-right-divider{z-index: 9999;}@media only screen and (max-width:1377px) {.tatsu-row > .tatsu-5uExOrrOu2.tatsu-column{width: 25%;}}@media only screen and (min-width:768px) and (max-width: 1024px) {.tatsu-row > .tatsu-5uExOrrOu2.tatsu-column{width: 25%;}}@media only screen and (max-width: 767px) {.tatsu-row > .tatsu-5uExOrrOu2.tatsu-column{width: 100%;}}<\/style><\/div><\/div><\/div><\/div><\/div><div class = \"tatsu-column-bg-image-wrap\"><div class = \"tatsu-column-bg-image tatsu-bg-lazyload\" data-src = \"\"><\/div><\/div><\/div><style>.tatsu-row > .tatsu-YhAX7QXpn.tatsu-column{width: 66.67%;}.tatsu-YhAX7QXpn.tatsu-column > .tatsu-column-inner > .tatsu-column-overlay{mix-blend-mode: none;}.tatsu-YhAX7QXpn > .tatsu-column-inner > .tatsu-top-divider{z-index: 9999;}.tatsu-YhAX7QXpn > .tatsu-column-inner > .tatsu-bottom-divider{z-index: 9999;}.tatsu-YhAX7QXpn > .tatsu-column-inner > .tatsu-left-divider{z-index: 9999;}.tatsu-YhAX7QXpn > .tatsu-column-inner > .tatsu-right-divider{z-index: 9999;}@media only screen and (max-width:1377px) {.tatsu-row > .tatsu-YhAX7QXpn.tatsu-column{width: 66.67%;}}@media only screen and (min-width:768px) and (max-width: 1024px) {.tatsu-row > .tatsu-YhAX7QXpn.tatsu-column{width: 66.67%;}}@media only screen and (max-width: 767px) {.tatsu-row > .tatsu-YhAX7QXpn.tatsu-column{width: 100%;}}<\/style><\/div><div  class=\"tatsu-column  tatsu-one-third tatsu-column-image-none tatsu-column-effect-none  tatsu-ps9fUQHFnX\"  data-parallax-speed=\"0\" style=\"\"><div class=\"tatsu-column-inner \" ><div class=\"tatsu-column-pad-wrap\"><div class=\"tatsu-column-pad\" >            <div  class = \"tatsu-module tatsu-icon_card  tatsu-KJE_CkaQb   tatsu-icon_card-type-icon tatsu-icon_card-style1 tatsu-icon_card-align-left tatsu-icon_card-vertical-align-top tatsu-icon_medium\" >\n                <style>.tatsu-KJE_CkaQb .tatsu-icon{color: rgba(58,170,53,1) ;}.tatsu-KJE_CkaQb.tatsu-module{margin: 0 0 30px 0;}<\/style>                                    <div class = \"tatsu-icon_card-icon \">\n                                                    <i aria-label = \"  clock2\" class = \"tatsu-icon tatsu-icon-clock2\">\n                            <\/i>\n                                            <\/div>\n                                                    <div class = \"tatsu-icon_card-title-caption\">\n                                                    <div class = \"tatsu-icon_card-title h6\">\n\t\t\t\t\t\t\t9:00 - 18:00 Uhr                            <\/div>\n                                                                            <div class = \"tatsu-icon_card-caption body\">\n                                \n<p>Montag \u2013 Freitag<\/p>\n                            <\/div>\n                                            <\/div>\n                            <\/div>\n                <div  class = \"tatsu-module tatsu-icon_card  tatsu-4aS00VGob   tatsu-icon_card-type-icon tatsu-icon_card-style1 tatsu-icon_card-align-left tatsu-icon_card-vertical-align-top tatsu-icon_medium\" >\n                <style>.tatsu-4aS00VGob .tatsu-icon{color: rgba(58,170,53,1) ;}.tatsu-4aS00VGob.tatsu-module{margin: 0 0 30px 0;}.tatsu-4aS00VGob{padding: 0px 0px 0px 50px;}<\/style>                                                    <div class = \"tatsu-icon_card-title-caption\">\n                                                    <div class = \"tatsu-icon_card-title h6\">\n\t\t\t\t\t\t\t9:00 - 13:00 Uhr                            <\/div>\n                                                                            <div class = \"tatsu-icon_card-caption body\">\n                                \n<p>Samstag<\/p>\n                            <\/div>\n                                            <\/div>\n                            <\/div>\n                <div  class = \"tatsu-module tatsu-icon_card  tatsu-Aq7yX9Ipz   tatsu-icon_card-type-icon tatsu-icon_card-style1 tatsu-icon_card-align-left tatsu-icon_card-vertical-align-top tatsu-icon_medium\" >\n                <style>.tatsu-Aq7yX9Ipz .tatsu-icon{color: rgba(58,170,53,1) ;}.tatsu-Aq7yX9Ipz.tatsu-module{margin: 0 0 30px 0;}<\/style>                                    <div class = \"tatsu-icon_card-icon \">\n                                                    <i aria-label = \"  headphones\" class = \"tatsu-icon tatsu-icon-headphones\">\n                            <\/i>\n                                            <\/div>\n                                                    <div class = \"tatsu-icon_card-title-caption\">\n                                                    <div class = \"tatsu-icon_card-title h6\">\n\t\t\t\t\t\t\t                                <a href = \"tel:023619912003\">\n                                    02361 991 200 3                                <\/a>\n\t\t\t\t\t\t\t                            <\/div>\n                                                                            <div class = \"tatsu-icon_card-caption body\">\n                                \n<p>B\u00fcrotelefon<\/p>\n                            <\/div>\n                                            <\/div>\n                            <\/div>\n                <div  class = \"tatsu-module tatsu-icon_card  tatsu-Jbpnluhky   tatsu-icon_card-type-icon tatsu-icon_card-style1 tatsu-icon_card-align-left tatsu-icon_card-vertical-align-top tatsu-icon_medium\" >\n                <style>.tatsu-Jbpnluhky .tatsu-icon{color: rgba(58,170,53,1) ;}.tatsu-Jbpnluhky.tatsu-module{margin: 0 0 30px 0;}<\/style>                                    <div class = \"tatsu-icon_card-icon \">\n                                                    <i aria-label = \"  mail2\" class = \"tatsu-icon tatsu-icon-mail2\">\n                            <\/i>\n                                            <\/div>\n                                                    <div class = \"tatsu-icon_card-title-caption\">\n                                                    <div class = \"tatsu-icon_card-title h6\">\n\t\t\t\t\t\t\t                                <a href = \"mailto:info@kfzgutachter-re.de\">\n                                    info@kfzgutachter-re.de                                <\/a>\n\t\t\t\t\t\t\t                            <\/div>\n                                                                            <div class = \"tatsu-icon_card-caption body\">\n                                \n<p>E-Mail-Adresse<\/p>\n                            <\/div>\n                                            <\/div>\n                            <\/div>\n    <div  class=\"tatsu-module tatsu-normal-button tatsu-button-wrap align-block block-center  tatsu-vx6r-xYvH   \"><a class=\"tatsu-shortcode blockbtn tatsu-button left-icon rounded   bg-animation-none  \" href=\"\/kontakt\" style= \"\"  aria-label=\"Jetzt Anfragen\" data-gdpr-atts={} >Jetzt Anfragen<\/a><style>.tatsu-vx6r-xYvH .tatsu-button{background-color: rgba(58,170,53,1);color: #ffffff ;}<\/style><\/div><\/div><\/div><div class = \"tatsu-column-bg-image-wrap\"><div class = \"tatsu-column-bg-image tatsu-bg-lazyload\" data-src = \"\"><\/div><\/div><\/div><style>.tatsu-row > .tatsu-ps9fUQHFnX.tatsu-column{width: 33.33%;}.tatsu-ps9fUQHFnX.tatsu-column > .tatsu-column-inner{background-color: rgba(255,255,255,1);box-shadow: 0px 5px 30px 0px rgba(214,215,216,0.57);border-radius: 5px;}.tatsu-ps9fUQHFnX.tatsu-column > .tatsu-column-inner > .tatsu-column-pad-wrap > .tatsu-column-pad{padding: 30px 30px 30px 30px;}.tatsu-ps9fUQHFnX.tatsu-column > .tatsu-column-inner > .tatsu-column-overlay{mix-blend-mode: none;}.tatsu-ps9fUQHFnX > .tatsu-column-inner > .tatsu-top-divider{z-index: 9999;}.tatsu-ps9fUQHFnX > .tatsu-column-inner > .tatsu-bottom-divider{z-index: 9999;}.tatsu-ps9fUQHFnX > .tatsu-column-inner > .tatsu-left-divider{z-index: 9999;}.tatsu-ps9fUQHFnX > .tatsu-column-inner > .tatsu-right-divider{z-index: 9999;}.tatsu-ps9fUQHFnX.tatsu-column > .tatsu-column-inner > .tatsu-column-bg-image-wrap > .tatsu-column-bg-image{border-radius: 5px;}@media only screen and (max-width:1377px) {.tatsu-row > .tatsu-ps9fUQHFnX.tatsu-column{width: 33.33%;}}@media only screen and (min-width:768px) and (max-width: 1024px) {.tatsu-row > .tatsu-ps9fUQHFnX.tatsu-column{width: 33.33%;}}@media only screen and (max-width: 767px) {.tatsu-row > .tatsu-ps9fUQHFnX.tatsu-column{width: 100%;}}<\/style><\/div><\/div><\/div><\/div><div class=\"tatsu-section-background-wrap\"><div class = \"tatsu-section-background tatsu-bg-lazyload\" data-src = \"\"><\/div><\/div><style>.tatsu-_dlddVbQTn .tatsu-section-pad{padding: 90px 0px 90px 0px;}.tatsu-_dlddVbQTn > .tatsu-bottom-divider{z-index: 9999;}.tatsu-_dlddVbQTn > .tatsu-top-divider{z-index: 9999;}<\/style><\/div>\n","protected":false},"excerpt":{"rendered":"<p><a href=\"https:\/\/kfzgutachter-re.de\/?page_id=4920\" class=\"exp-read-more exp-read-more-dots\">&#8230;<\/a><\/p>\n","protected":false},"author":1,"featured_media":0,"parent":4616,"menu_order":0,"comment_status":"closed","ping_status":"closed","template":"","meta":{"_monsterinsights_skip_tracking":false,"_monsterinsights_sitenote_active":false,"_monsterinsights_sitenote_note":"","_monsterinsights_sitenote_category":0,"footnotes":""},"aioseo_notices":[],"_links":{"self":[{"href":"https:\/\/kfzgutachter-re.de\/index.php?rest_route=\/wp\/v2\/pages\/4920"}],"collection":[{"href":"https:\/\/kfzgutachter-re.de\/index.php?rest_route=\/wp\/v2\/pages"}],"about":[{"href":"https:\/\/kfzgutachter-re.de\/index.php?rest_route=\/wp\/v2\/types\/page"}],"author":[{"embeddable":true,"href":"https:\/\/kfzgutachter-re.de\/index.php?rest_route=\/wp\/v2\/users\/1"}],"replies":[{"embeddable":true,"href":"https:\/\/kfzgutachter-re.de\/index.php?rest_route=%2Fwp%2Fv2%2Fcomments&post=4920"}],"version-history":[{"count":11,"href":"https:\/\/kfzgutachter-re.de\/index.php?rest_route=\/wp\/v2\/pages\/4920\/revisions"}],"predecessor-version":[{"id":5271,"href":"https:\/\/kfzgutachter-re.de\/index.php?rest_route=\/wp\/v2\/pages\/4920\/revisions\/5271"}],"up":[{"embeddable":true,"href":"https:\/\/kfzgutachter-re.de\/index.php?rest_route=\/wp\/v2\/pages\/4616"}],"wp:attachment":[{"href":"https:\/\/kfzgutachter-re.de\/index.php?rest_route=%2Fwp%2Fv2%2Fmedia&parent=4920"}],"curies":[{"name":"wp","href":"https:\/\/api.w.org\/{rel}","templated":true}]}}